{"id":42,"date":"2022-06-07T06:49:47","date_gmt":"2022-06-07T04:49:47","guid":{"rendered":"http:\/\/www.das-800grad.de\/HP-2022\/?page_id=42"},"modified":"2022-06-09T07:43:06","modified_gmt":"2022-06-09T05:43:06","slug":"restaurant","status":"publish","type":"page","link":"http:\/\/www.das-800grad.de\/HP-2022\/restaurant\/","title":{"rendered":"Restaurant"},"content":{"rendered":"\n<p><\/p>\n\n\n\n<center><h1 class=\"has-text-align-center has-white-color has-text-color\" style=\"font-size:50px\"><strong>Unser 800Grad Restaurant<\/strong><\/h1><br><br>\n\n\n\n<h1 class=\"has-text-align-center has-white-color has-text-color wp-block-heading\"><strong>\u00dcber uns &amp; unsere Fleischqualit\u00e4t<\/strong><\/h1>\n\n\n\n<h3 class=\"has-text-align-center has-white-color has-text-color wp-block-heading\"><strong>Unser Motto:&nbsp;Es ist besser zu genie\u00dfen und zu bereuen, als zu bereuen nicht genossen zu haben!<\/strong><\/h3>\n\n\n\n<hr class=\"wp-block-separator has-alpha-channel-opacity\"\/>\n\n\n\n<div class=\"wp-block-group alignwide\"><div class=\"wp-block-group__inner-container is-layout-flow wp-block-group-is-layout-flow\">\n<div class=\"wp-block-group alignwide\"><div class=\"wp-block-group__inner-container is-layout-flow wp-block-group-is-layout-flow\">\n<div class=\"wp-block-media-text alignwide is-stacked-on-mobile is-vertically-aligned-center\" style=\"grid-template-columns:56% auto\"><figure class=\"wp-block-media-text__media\"><img loading=\"lazy\" decoding=\"async\" width=\"1024\" height=\"576\" src=\"http:\/\/www.das-800grad.de\/HP-2022\/wp-content\/uploads\/2022\/06\/800Grad-Grill-Hintergrundlogo-1-2-1024x576.jpg\" alt=\"\" class=\"wp-image-302 size-full\" srcset=\"http:\/\/www.das-800grad.de\/HP-2022\/wp-content\/uploads\/2022\/06\/800Grad-Grill-Hintergrundlogo-1-2-1024x576.jpg 1024w, http:\/\/www.das-800grad.de\/HP-2022\/wp-content\/uploads\/2022\/06\/800Grad-Grill-Hintergrundlogo-1-2-300x169.jpg 300w, http:\/\/www.das-800grad.de\/HP-2022\/wp-content\/uploads\/2022\/06\/800Grad-Grill-Hintergrundlogo-1-2-768x432.jpg 768w, http:\/\/www.das-800grad.de\/HP-2022\/wp-content\/uploads\/2022\/06\/800Grad-Grill-Hintergrundlogo-1-2-1536x864.jpg 1536w, http:\/\/www.das-800grad.de\/HP-2022\/wp-content\/uploads\/2022\/06\/800Grad-Grill-Hintergrundlogo-1-2.jpg 1920w\" sizes=\"auto, (max-width: 1024px) 100vw, 1024px\" \/><\/figure><div class=\"wp-block-media-text__content\">\n<p class=\"has-text-align-left has-medium-font-size\">Fleischermeister und Koch Rainer Dietrich nimmt jedes Steakfleisch pers\u00f6nlich in Augenschein. Es wird dann nach den verschiedenen Cuts zugeschnitten und reift jetzt noch mal 3-6 Wochen Vakuum in einem K\u00fchlraum unter optimalen Bedingungen nach.<\/p>\n\n\n\n<p class=\"has-text-align-left has-medium-font-size\">Erst dann wird es f\u00fcr Sie nach Ihren W\u00fcnschen in unserem aus den USA importierten 800Grad Steakofen mit Oberhitze gegrillt. Wenn Sie W\u00fcnsche oder Fragen haben k\u00f6nnen Sie sich gerne an uns wenden.<\/p>\n\n\n\n<p class=\"has-text-align-left has-medium-font-size\">Durch unsere im Vorfeld jahrelangen Gesch\u00e4ftsbeziehungen mit Fleischlieferanten aus alles Welt sind wir in der Lage fast jedes Steak zu besorgen. Dies erfordert nur nach Besonderheit des Steaks eine gewisse Vorlaufzeit.<\/p>\n\n\n\n<p class=\"has-text-align-left has-medium-font-size\">Auch beim Catering sind wir gerne Ihr verl\u00e4sslicher Partner. F\u00fcr Feiern bis 400Personen sind wir mit modernster K\u00fcchentechnik bestens ausgestattet.<\/p>\n\n\n\n<p class=\"has-text-align-left has-medium-font-size\">Wir beraten Sie gerne !<\/p>\n\n\n\n<p class=\"has-text-align-left has-medium-font-size\">Wir sind stolz drauf, Ihnen beste Steakqualit\u00e4t aus aller Welt&nbsp; anzubieten. Unser Fleisch stammt ausschlie\u00dflich aus Zertifizierten Betrieben! <\/p>\n\n\n\n<p class=\"has-text-align-left has-medium-font-size\">Besuchen Sie uns und kosten Sie unser einzigartiges Aroma!<\/p>\n\n\n\n<p class=\"has-text-align-left has-medium-font-size\">Jeder hat seinen Geschmack beim Steak, Sie entscheiden welchen.<\/p>\n\n\n\n<p class=\"has-text-align-left has-medium-font-size\">Es stehen Ihnen am Tisch verschiedene Gew\u00fcrze zur Wahl<\/p>\n\n\n\n<left>\n<ul class=\"has-medium-font-size\"><li>Mexican Style ( eigene Mischung )<\/li><li>Steak Gew\u00fcrz ( Der kleine Gourmet )<\/li><li>Magic Dust ( Der kleine Gourmet )<\/li><li>Sowie nat\u00fcrlich eine Salz &amp; Pfefferm\u00fchle<\/li><\/ul><\/left>\n<\/div><\/div>\n<\/div><\/div>\n<\/div><\/div>\n\n\n\n<figure class=\"wp-block-gallery has-nested-images columns-4 is-cropped wp-block-gallery-1 is-layout-flex wp-block-gallery-is-layout-flex\">\n<figure class=\"wp-block-image size-thumbnail\"><img loading=\"lazy\" decoding=\"async\" width=\"150\" height=\"150\" data-id=\"320\" src=\"http:\/\/www.das-800grad.de\/HP-2022\/wp-content\/uploads\/2022\/06\/Steakbild-01-800x800-1-150x150.jpg\" alt=\"\" class=\"wp-image-320\" srcset=\"http:\/\/www.das-800grad.de\/HP-2022\/wp-content\/uploads\/2022\/06\/Steakbild-01-800x800-1-150x150.jpg 150w, http:\/\/www.das-800grad.de\/HP-2022\/wp-content\/uploads\/2022\/06\/Steakbild-01-800x800-1-300x300.jpg 300w, http:\/\/www.das-800grad.de\/HP-2022\/wp-content\/uploads\/2022\/06\/Steakbild-01-800x800-1.jpg 588w\" sizes=\"auto, (max-width: 150px) 100vw, 150px\" \/><\/figure>\n\n\n\n<figure class=\"wp-block-image size-thumbnail\"><img loading=\"lazy\" decoding=\"async\" width=\"150\" height=\"150\" data-id=\"319\" src=\"http:\/\/www.das-800grad.de\/HP-2022\/wp-content\/uploads\/2022\/06\/Steakbild-02-800x800-1-150x150.jpg\" alt=\"\" class=\"wp-image-319\" srcset=\"http:\/\/www.das-800grad.de\/HP-2022\/wp-content\/uploads\/2022\/06\/Steakbild-02-800x800-1-150x150.jpg 150w, http:\/\/www.das-800grad.de\/HP-2022\/wp-content\/uploads\/2022\/06\/Steakbild-02-800x800-1-300x300.jpg 300w, http:\/\/www.das-800grad.de\/HP-2022\/wp-content\/uploads\/2022\/06\/Steakbild-02-800x800-1.jpg 588w\" sizes=\"auto, (max-width: 150px) 100vw, 150px\" \/><\/figure>\n\n\n\n<figure class=\"wp-block-image size-thumbnail\"><img loading=\"lazy\" decoding=\"async\" width=\"150\" height=\"150\" data-id=\"322\" src=\"http:\/\/www.das-800grad.de\/HP-2022\/wp-content\/uploads\/2022\/06\/Steakbild-03-800x800-1-150x150.jpg\" alt=\"\" class=\"wp-image-322\" srcset=\"http:\/\/www.das-800grad.de\/HP-2022\/wp-content\/uploads\/2022\/06\/Steakbild-03-800x800-1-150x150.jpg 150w, http:\/\/www.das-800grad.de\/HP-2022\/wp-content\/uploads\/2022\/06\/Steakbild-03-800x800-1-300x300.jpg 300w, http:\/\/www.das-800grad.de\/HP-2022\/wp-content\/uploads\/2022\/06\/Steakbild-03-800x800-1.jpg 588w\" sizes=\"auto, (max-width: 150px) 100vw, 150px\" \/><\/figure>\n\n\n\n<figure class=\"wp-block-image size-thumbnail\"><img loading=\"lazy\" decoding=\"async\" width=\"150\" height=\"150\" data-id=\"323\" src=\"http:\/\/www.das-800grad.de\/HP-2022\/wp-content\/uploads\/2022\/06\/Steakbild-04-800x800-1-150x150.jpg\" alt=\"\" class=\"wp-image-323\" srcset=\"http:\/\/www.das-800grad.de\/HP-2022\/wp-content\/uploads\/2022\/06\/Steakbild-04-800x800-1-150x150.jpg 150w, http:\/\/www.das-800grad.de\/HP-2022\/wp-content\/uploads\/2022\/06\/Steakbild-04-800x800-1-300x300.jpg 300w, http:\/\/www.das-800grad.de\/HP-2022\/wp-content\/uploads\/2022\/06\/Steakbild-04-800x800-1.jpg 588w\" sizes=\"auto, (max-width: 150px) 100vw, 150px\" \/><\/figure>\n\n\n\n<figure class=\"wp-block-image size-thumbnail\"><img loading=\"lazy\" decoding=\"async\" width=\"150\" height=\"150\" data-id=\"324\" src=\"http:\/\/www.das-800grad.de\/HP-2022\/wp-content\/uploads\/2022\/06\/Steakbild-05-800x800-1-150x150.jpg\" alt=\"\" class=\"wp-image-324\" srcset=\"http:\/\/www.das-800grad.de\/HP-2022\/wp-content\/uploads\/2022\/06\/Steakbild-05-800x800-1-150x150.jpg 150w, http:\/\/www.das-800grad.de\/HP-2022\/wp-content\/uploads\/2022\/06\/Steakbild-05-800x800-1-300x300.jpg 300w, http:\/\/www.das-800grad.de\/HP-2022\/wp-content\/uploads\/2022\/06\/Steakbild-05-800x800-1.jpg 588w\" sizes=\"auto, (max-width: 150px) 100vw, 150px\" \/><\/figure>\n\n\n\n<figure class=\"wp-block-image size-thumbnail\"><img loading=\"lazy\" decoding=\"async\" width=\"150\" height=\"150\" data-id=\"321\" src=\"http:\/\/www.das-800grad.de\/HP-2022\/wp-content\/uploads\/2022\/06\/Steakbild-06-800x800-1-150x150.jpg\" alt=\"\" class=\"wp-image-321\" srcset=\"http:\/\/www.das-800grad.de\/HP-2022\/wp-content\/uploads\/2022\/06\/Steakbild-06-800x800-1-150x150.jpg 150w, http:\/\/www.das-800grad.de\/HP-2022\/wp-content\/uploads\/2022\/06\/Steakbild-06-800x800-1-300x300.jpg 300w, http:\/\/www.das-800grad.de\/HP-2022\/wp-content\/uploads\/2022\/06\/Steakbild-06-800x800-1.jpg 588w\" sizes=\"auto, (max-width: 150px) 100vw, 150px\" \/><\/figure>\n\n\n\n<figure class=\"wp-block-image size-thumbnail\"><img loading=\"lazy\" decoding=\"async\" width=\"150\" height=\"150\" data-id=\"325\" src=\"http:\/\/www.das-800grad.de\/HP-2022\/wp-content\/uploads\/2022\/06\/Steakbild-07-800x800-1-150x150.jpg\" alt=\"\" class=\"wp-image-325\" srcset=\"http:\/\/www.das-800grad.de\/HP-2022\/wp-content\/uploads\/2022\/06\/Steakbild-07-800x800-1-150x150.jpg 150w, http:\/\/www.das-800grad.de\/HP-2022\/wp-content\/uploads\/2022\/06\/Steakbild-07-800x800-1-300x300.jpg 300w, http:\/\/www.das-800grad.de\/HP-2022\/wp-content\/uploads\/2022\/06\/Steakbild-07-800x800-1.jpg 588w\" sizes=\"auto, (max-width: 150px) 100vw, 150px\" \/><\/figure>\n\n\n\n<figure class=\"wp-block-image size-thumbnail\"><img loading=\"lazy\" decoding=\"async\" width=\"150\" height=\"150\" data-id=\"326\" src=\"http:\/\/www.das-800grad.de\/HP-2022\/wp-content\/uploads\/2022\/06\/Steakbild-08-800x800-1-150x150.jpg\" alt=\"\" class=\"wp-image-326\" srcset=\"http:\/\/www.das-800grad.de\/HP-2022\/wp-content\/uploads\/2022\/06\/Steakbild-08-800x800-1-150x150.jpg 150w, http:\/\/www.das-800grad.de\/HP-2022\/wp-content\/uploads\/2022\/06\/Steakbild-08-800x800-1-300x300.jpg 300w, http:\/\/www.das-800grad.de\/HP-2022\/wp-content\/uploads\/2022\/06\/Steakbild-08-800x800-1.jpg 588w\" sizes=\"auto, (max-width: 150px) 100vw, 150px\" \/><\/figure>\n<\/figure>\n\n\n\n<hr class=\"wp-block-separator has-alpha-channel-opacity is-style-default\"\/>\n\n\n\n<h2 class=\"has-text-align-center has-white-color has-text-color wp-block-heading\">Restaurantbilder <\/h2>\n\n\n\n<div class=\"wp-block-columns is-layout-flex wp-container-core-columns-is-layout-9d6595d7 wp-block-columns-is-layout-flex\">\n<div class=\"wp-block-column is-layout-flow wp-block-column-is-layout-flow\" style=\"flex-basis:100%\">\n<figure class=\"wp-block-gallery aligncenter has-nested-images columns-default is-cropped wp-block-gallery-2 is-layout-flex wp-block-gallery-is-layout-flex\">\n<figure class=\"wp-block-image size-large\"><img loading=\"lazy\" decoding=\"async\" width=\"1024\" height=\"484\" data-id=\"309\" src=\"http:\/\/www.das-800grad.de\/HP-2022\/wp-content\/uploads\/2022\/06\/Aussenansicht-2-1024x484.jpg\" alt=\"\" class=\"wp-image-309\" srcset=\"http:\/\/www.das-800grad.de\/HP-2022\/wp-content\/uploads\/2022\/06\/Aussenansicht-2-1024x484.jpg 1024w, http:\/\/www.das-800grad.de\/HP-2022\/wp-content\/uploads\/2022\/06\/Aussenansicht-2-300x142.jpg 300w, http:\/\/www.das-800grad.de\/HP-2022\/wp-content\/uploads\/2022\/06\/Aussenansicht-2-768x363.jpg 768w, http:\/\/www.das-800grad.de\/HP-2022\/wp-content\/uploads\/2022\/06\/Aussenansicht-2-1536x726.jpg 1536w, http:\/\/www.das-800grad.de\/HP-2022\/wp-content\/uploads\/2022\/06\/Aussenansicht-2.jpg 1920w\" sizes=\"auto, (max-width: 1024px) 100vw, 1024px\" \/><figcaption>Test vorher<\/figcaption><\/figure>\n\n\n\n<figure class=\"wp-block-image size-large is-style-default\"><img loading=\"lazy\" decoding=\"async\" width=\"1024\" height=\"484\" data-id=\"310\" src=\"http:\/\/www.das-800grad.de\/HP-2022\/wp-content\/uploads\/2022\/06\/Aussenansicht-gez.-2-1024x484.jpg\" alt=\"\" class=\"wp-image-310\" srcset=\"http:\/\/www.das-800grad.de\/HP-2022\/wp-content\/uploads\/2022\/06\/Aussenansicht-gez.-2-1024x484.jpg 1024w, http:\/\/www.das-800grad.de\/HP-2022\/wp-content\/uploads\/2022\/06\/Aussenansicht-gez.-2-300x142.jpg 300w, http:\/\/www.das-800grad.de\/HP-2022\/wp-content\/uploads\/2022\/06\/Aussenansicht-gez.-2-768x363.jpg 768w, http:\/\/www.das-800grad.de\/HP-2022\/wp-content\/uploads\/2022\/06\/Aussenansicht-gez.-2-1536x726.jpg 1536w, http:\/\/www.das-800grad.de\/HP-2022\/wp-content\/uploads\/2022\/06\/Aussenansicht-gez.-2.jpg 1920w\" sizes=\"auto, (max-width: 1024px) 100vw, 1024px\" \/><figcaption>Test nachher<\/figcaption><\/figure>\n\n\n\n<figure class=\"wp-block-image size-large\"><img loading=\"lazy\" decoding=\"async\" width=\"588\" height=\"588\" data-id=\"313\" src=\"http:\/\/www.das-800grad.de\/HP-2022\/wp-content\/uploads\/2022\/06\/Test-nachh..jpg\" alt=\"\" class=\"wp-image-313\" srcset=\"http:\/\/www.das-800grad.de\/HP-2022\/wp-content\/uploads\/2022\/06\/Test-nachh..jpg 588w, http:\/\/www.das-800grad.de\/HP-2022\/wp-content\/uploads\/2022\/06\/Test-nachh.-300x300.jpg 300w, http:\/\/www.das-800grad.de\/HP-2022\/wp-content\/uploads\/2022\/06\/Test-nachh.-150x150.jpg 150w\" sizes=\"auto, (max-width: 588px) 100vw, 588px\" \/><\/figure>\n\n\n\n<figure class=\"wp-block-image size-large\"><img loading=\"lazy\" decoding=\"async\" width=\"588\" height=\"588\" data-id=\"314\" src=\"http:\/\/www.das-800grad.de\/HP-2022\/wp-content\/uploads\/2022\/06\/Test-vorh..jpg\" alt=\"\" class=\"wp-image-314\" srcset=\"http:\/\/www.das-800grad.de\/HP-2022\/wp-content\/uploads\/2022\/06\/Test-vorh..jpg 588w, http:\/\/www.das-800grad.de\/HP-2022\/wp-content\/uploads\/2022\/06\/Test-vorh.-300x300.jpg 300w, http:\/\/www.das-800grad.de\/HP-2022\/wp-content\/uploads\/2022\/06\/Test-vorh.-150x150.jpg 150w\" sizes=\"auto, (max-width: 588px) 100vw, 588px\" \/><\/figure>\n<\/figure>\n<\/div>\n<\/div>\n","protected":false},"excerpt":{"rendered":"<p>Unser 800Grad Restaurant \u00dcber uns &amp; unsere Fleischqualit\u00e4t Unser Motto:&nbsp;Es ist besser zu genie\u00dfen und zu bereuen, als zu bereuen nicht genossen zu haben! Fleischermeister&hellip;<\/p>\n","protected":false},"author":1,"featured_media":0,"parent":0,"menu_order":0,"comment_status":"closed","ping_status":"closed","template":"","meta":{"footnotes":""},"class_list":["post-42","page","type-page","status-publish","hentry"],"_links":{"self":[{"href":"http:\/\/www.das-800grad.de\/HP-2022\/wp-json\/wp\/v2\/pages\/42","targetHints":{"allow":["GET"]}}],"collection":[{"href":"http:\/\/www.das-800grad.de\/HP-2022\/wp-json\/wp\/v2\/pages"}],"about":[{"href":"http:\/\/www.das-800grad.de\/HP-2022\/wp-json\/wp\/v2\/types\/page"}],"author":[{"embeddable":true,"href":"http:\/\/www.das-800grad.de\/HP-2022\/wp-json\/wp\/v2\/users\/1"}],"replies":[{"embeddable":true,"href":"http:\/\/www.das-800grad.de\/HP-2022\/wp-json\/wp\/v2\/comments?post=42"}],"version-history":[{"count":17,"href":"http:\/\/www.das-800grad.de\/HP-2022\/wp-json\/wp\/v2\/pages\/42\/revisions"}],"predecessor-version":[{"id":416,"href":"http:\/\/www.das-800grad.de\/HP-2022\/wp-json\/wp\/v2\/pages\/42\/revisions\/416"}],"wp:attachment":[{"href":"http:\/\/www.das-800grad.de\/HP-2022\/wp-json\/wp\/v2\/media?parent=42"}],"curies":[{"name":"wp","href":"https:\/\/api.w.org\/{rel}","templated":true}]}}